{"id":72,"date":"2020-09-14T10:52:19","date_gmt":"2020-09-14T10:52:19","guid":{"rendered":"https:\/\/zwickle.cc\/?page_id=72"},"modified":"2020-09-14T10:52:20","modified_gmt":"2020-09-14T10:52:20","slug":"kontakt","status":"publish","type":"page","link":"https:\/\/zwickle.cc\/index.php\/kontakt\/","title":{"rendered":"Kontakt"},"content":{"rendered":"\n<p>Albert Zwickle<br>B\u00fctzestra\u00dfe 35b<br>6922 Wolfurt<\/p>\n\n\n\n<p>mail(\u00e4t)zwickle.cc<\/p>\n","protected":false},"excerpt":{"rendered":"<p>Albert ZwickleB\u00fctzestra\u00dfe 35b6922 Wolfurt mail(\u00e4t)zwickle.cc<\/p>\n","protected":false},"author":1,"featured_media":0,"parent":0,"menu_order":0,"comment_status":"closed","ping_status":"closed","template":"","meta":[],"yoast_head":"<!-- This site is optimized with the Yoast SEO plugin v15.9.2 - https:\/\/yoast.com\/wordpress\/plugins\/seo\/ -->\n<title>Kontakt - Albert Zwickle<\/title>\n<meta name=\"robots\" content=\"index, follow, max-snippet:-1, max-image-preview:large, max-video-preview:-1\" \/>\n<link rel=\"canonical\" href=\"https:\/\/zwickle.cc\/index.php\/kontakt\/\" \/>\n<meta property=\"og:locale\" content=\"de_DE\" \/>\n<meta property=\"og:type\" content=\"article\" \/>\n<meta property=\"og:title\" content=\"Kontakt - Albert Zwickle\" \/>\n<meta property=\"og:description\" content=\"Albert ZwickleB\u00fctzestra\u00dfe 35b6922 Wolfurt mail(\u00e4t)zwickle.cc\" \/>\n<meta property=\"og:url\" content=\"https:\/\/zwickle.cc\/index.php\/kontakt\/\" \/>\n<meta property=\"og:site_name\" content=\"Albert Zwickle\" \/>\n<meta property=\"article:modified_time\" content=\"2020-09-14T10:52:20+00:00\" \/>\n<meta name=\"twitter:card\" content=\"summary_large_image\" \/>\n<script type=\"application\/ld+json\" class=\"yoast-schema-graph\">{\"@context\":\"https:\/\/schema.org\",\"@graph\":[{\"@type\":\"WebSite\",\"@id\":\"https:\/\/zwickle.cc\/#website\",\"url\":\"https:\/\/zwickle.cc\/\",\"name\":\"Albert Zwickle\",\"description\":\"Erdbewegung &amp; Lohnunternehmen\",\"potentialAction\":[{\"@type\":\"SearchAction\",\"target\":\"https:\/\/zwickle.cc\/?s={search_term_string}\",\"query-input\":\"required name=search_term_string\"}],\"inLanguage\":\"de\"},{\"@type\":\"WebPage\",\"@id\":\"https:\/\/zwickle.cc\/index.php\/kontakt\/#webpage\",\"url\":\"https:\/\/zwickle.cc\/index.php\/kontakt\/\",\"name\":\"Kontakt - Albert Zwickle\",\"isPartOf\":{\"@id\":\"https:\/\/zwickle.cc\/#website\"},\"datePublished\":\"2020-09-14T10:52:19+00:00\",\"dateModified\":\"2020-09-14T10:52:20+00:00\",\"breadcrumb\":{\"@id\":\"https:\/\/zwickle.cc\/index.php\/kontakt\/#breadcrumb\"},\"inLanguage\":\"de\",\"potentialAction\":[{\"@type\":\"ReadAction\",\"target\":[\"https:\/\/zwickle.cc\/index.php\/kontakt\/\"]}]},{\"@type\":\"BreadcrumbList\",\"@id\":\"https:\/\/zwickle.cc\/index.php\/kontakt\/#breadcrumb\",\"itemListElement\":[{\"@type\":\"ListItem\",\"position\":1,\"item\":{\"@type\":\"WebPage\",\"@id\":\"https:\/\/zwickle.cc\/\",\"url\":\"https:\/\/zwickle.cc\/\",\"name\":\"Home\"}},{\"@type\":\"ListItem\",\"position\":2,\"item\":{\"@type\":\"WebPage\",\"@id\":\"https:\/\/zwickle.cc\/index.php\/kontakt\/\",\"url\":\"https:\/\/zwickle.cc\/index.php\/kontakt\/\",\"name\":\"Kontakt\"}}]}]}<\/script>\n<!-- \/ Yoast SEO plugin. -->","_links":{"self":[{"href":"https:\/\/zwickle.cc\/index.php\/wp-json\/wp\/v2\/pages\/72"}],"collection":[{"href":"https:\/\/zwickle.cc\/index.php\/wp-json\/wp\/v2\/pages"}],"about":[{"href":"https:\/\/zwickle.cc\/index.php\/wp-json\/wp\/v2\/types\/page"}],"author":[{"embeddable":true,"href":"https:\/\/zwickle.cc\/index.php\/wp-json\/wp\/v2\/users\/1"}],"replies":[{"embeddable":true,"href":"https:\/\/zwickle.cc\/index.php\/wp-json\/wp\/v2\/comments?post=72"}],"version-history":[{"count":1,"href":"https:\/\/zwickle.cc\/index.php\/wp-json\/wp\/v2\/pages\/72\/revisions"}],"predecessor-version":[{"id":74,"href":"https:\/\/zwickle.cc\/index.php\/wp-json\/wp\/v2\/pages\/72\/revisions\/74"}],"wp:attachment":[{"href":"https:\/\/zwickle.cc\/index.php\/wp-json\/wp\/v2\/media?parent=72"}],"curies":[{"name":"wp","href":"https:\/\/api.w.org\/{rel}","templated":true}]}}